{"id":61,"date":"2020-01-23T18:21:52","date_gmt":"2020-01-23T18:21:52","guid":{"rendered":"https:\/\/demosites.io\/web-agency-gb\/?page_id=61"},"modified":"2021-07-07T00:50:03","modified_gmt":"2021-07-07T00:50:03","slug":"15c42-web-agency-gb-about-us","status":"publish","type":"page","link":"https:\/\/imeschile.cl\/?page_id=61","title":{"rendered":"Nosotros"},"content":{"rendered":"\n\n  <div class=\"banner has-hover\" id=\"banner-2038309631\">\n          <div class=\"banner-inner fill\">\n        <div class=\"banner-bg fill\" >\n            <div class=\"bg fill bg-fill \"><\/div>\n                        <div class=\"overlay\"><\/div>            \n                    <\/div>\n        <div class=\"banner-layers container\">\n            <div class=\"fill banner-link\"><\/div>            \n\n   <div id=\"text-box-1706912258\" class=\"text-box banner-layer x50 md-x50 lg-x50 y50 md-y50 lg-y50 res-text\">\n                                <div class=\"text dark\">\n              \n              <div class=\"text-inner text-center\">\n                  \n\n<h3 class=\"uppercase\"><strong>ImEs Chile<\/strong><\/h3>\n<h4><span style=\"font-size: 90%;\">Servicios Industrial &#8211; Montaje &#8211; Construcci\u00f3n<\/span><\/h4>\n<div class=\"social-icons follow-icons\" ><a href=\"x\" target=\"_blank\" data-label=\"Facebook\"  rel=\"noopener noreferrer nofollow\" class=\"icon plain facebook tooltip\" title=\"Follow on Facebook\"><i class=\"icon-facebook\" ><\/i><\/a><a href=\"x\" target=\"_blank\" rel=\"noopener noreferrer nofollow\" data-label=\"Instagram\" class=\"icon plain  instagram tooltip\" title=\"Follow on Instagram\"><i class=\"icon-instagram\" ><\/i><\/a><a href=\"x\" target=\"_blank\"  data-label=\"Twitter\"  rel=\"noopener noreferrer nofollow\" class=\"icon plain  twitter tooltip\" title=\"Follow on Twitter\"><i class=\"icon-twitter\" ><\/i><\/a><a href=\"mailto:x\" data-label=\"E-mail\"  rel=\"nofollow\" class=\"icon plain  email tooltip\" title=\"Send us an email\"><i class=\"icon-envelop\" ><\/i><\/a><a href=\"tel:x\" target=\"_blank\"  data-label=\"Phone\"  rel=\"noopener noreferrer nofollow\" class=\"icon plain  phone tooltip\" title=\"Call us\"><i class=\"icon-phone\" ><\/i><\/a><a href=\"x\" target=\"_blank\" rel=\"noopener noreferrer nofollow\" data-label=\"LinkedIn\" class=\"icon plain  linkedin tooltip\" title=\"Follow on LinkedIn\"><i class=\"icon-linkedin\" ><\/i><\/a><\/div>\n\n\n              <\/div>\n           <\/div>\n                            \n<style scope=\"scope\">\n\n#text-box-1706912258 {\n  width: 50%;\n}\n#text-box-1706912258 .text {\n  font-size: 100%;\n}\n<\/style>\n    <\/div>\n \n\n        <\/div>\n      <\/div>\n\n            \n<style scope=\"scope\">\n\n#banner-2038309631 {\n  padding-top: 350px;\n}\n#banner-2038309631 .bg.bg-loaded {\n  background-image: url(https:\/\/imeschile.cl\/wp-content\/uploads\/2021\/06\/daniel-mccullough-HtBlQdxfG9k-unsplash-1024x576.jpg);\n}\n#banner-2038309631 .overlay {\n  background-color: rgba(0,0,0,.5);\n}\n<\/style>\n  <\/div>\n\n\n\t<section class=\"section\" id=\"section_1005645763\">\n\t\t<div class=\"bg section-bg fill bg-fill  bg-loaded\" >\n\n\t\t\t\n\t\t\t\n\t\t\t\n\n\t\t<\/div>\n\n\t\t<div class=\"section-content relative\">\n\t\t\t\n\n<p class=\"lead\" style=\"text-align: center;\">NOSOTROS.<br \/>IMES e.i.r.l. inicio sus actividades en Abril del A\u00f1o 2013. Hoy en d\u00eda sus actividades industriales se centran en el montaje Industrial y la fabricaci\u00f3n de estructuras met\u00e1licas, en el sector particular nos orientamos al desarrollo de diversas construcciones. Nuestros servicios se desarrollan en la V regi\u00f3n, regi\u00f3n Metropolitana y VI regi\u00f3n.<\/p>\n\t<div id=\"gap-310995024\" class=\"gap-element clearfix\" style=\"display:block; height:auto;\">\n\t\t\n<style scope=\"scope\">\n\n#gap-310995024 {\n  padding-top: 30px;\n}\n<\/style>\n\t<\/div>\n\t\n\n<div class=\"row align-center\"  id=\"row-356662040\">\n\n\n\t<div class=\"col medium-6 small-10 large-6\"  >\n\t\t<div class=\"col-inner\"  >\n\t\t\t\n\t\t\t\n\n<p>MISI\u00d3N.<\/p>\n<p>La misi\u00f3n de IMES e.i.r.l. es brindar servicios de apoyo a los distintos sectores del pa\u00eds, por medio de un<br \/>grupo humano y t\u00e9cnico de excelencia.<\/p>\n\n\t\t<\/div>\n\t<\/div>\n\n\t\n\n\t<div class=\"col medium-6 small-10 large-6\"  >\n\t\t<div class=\"col-inner\"  >\n\t\t\t\n\t\t\t\n\n<p>VISION.<\/p>\n<p>Ser un referente nacional en la entrega de servicios de calidad a los distintos sectores productivos del<br \/>pa\u00eds por medio del mejoramiento continuo y la seguridad de nuestro recurso humano.<\/p>\n\n\t\t<\/div>\n\t<\/div>\n\n\t\n\n\n<style scope=\"scope\">\n\n<\/style>\n<\/div>\n\n\t\t<\/div>\n\n\t\t\n<style scope=\"scope\">\n\n#section_1005645763 {\n  padding-top: 44px;\n  padding-bottom: 44px;\n  margin-bottom: -1px;\n  min-height: 0px;\n}\n<\/style>\n\t<\/section>\n\t\n\n","protected":false},"excerpt":{"rendered":"","protected":false},"author":1,"featured_media":0,"parent":0,"menu_order":0,"comment_status":"closed","ping_status":"closed","template":"page-transparent-header-light.php","meta":{"_ti_tpc_template_sync":false,"_ti_tpc_template_id":"0qhau2t6eoekosrgo1a2","footnotes":""},"class_list":["post-61","page","type-page","status-publish","hentry"],"yoast_head":"<!-- This site is optimized with the Yoast SEO plugin v18.1 - https:\/\/yoast.com\/wordpress\/plugins\/seo\/ -->\n<title>Nosotros - IMES SERVICIOS INTEGRALES<\/title>\n<meta name=\"robots\" content=\"index, follow, max-snippet:-1, max-image-preview:large, max-video-preview:-1\" \/>\n<link rel=\"canonical\" href=\"https:\/\/imeschile.cl\/?page_id=61\" \/>\n<meta property=\"og:locale\" content=\"es_ES\" \/>\n<meta property=\"og:type\" content=\"article\" \/>\n<meta property=\"og:title\" content=\"Nosotros - IMES SERVICIOS INTEGRALES\" \/>\n<meta property=\"og:url\" content=\"https:\/\/imeschile.cl\/?page_id=61\" \/>\n<meta property=\"og:site_name\" content=\"IMES SERVICIOS INTEGRALES\" \/>\n<meta property=\"article:modified_time\" content=\"2021-07-07T00:50:03+00:00\" \/>\n<meta name=\"twitter:card\" content=\"summary_large_image\" \/>\n<meta name=\"twitter:label1\" content=\"Est. reading time\" \/>\n\t<meta name=\"twitter:data1\" content=\"1 minuto\" \/>\n<script type=\"application\/ld+json\" class=\"yoast-schema-graph\">{\"@context\":\"https:\/\/schema.org\",\"@graph\":[{\"@type\":\"Organization\",\"@id\":\"https:\/\/imeschile.cl\/#organization\",\"name\":\"Imes Chile\",\"url\":\"https:\/\/imeschile.cl\/\",\"sameAs\":[],\"logo\":{\"@type\":\"ImageObject\",\"@id\":\"https:\/\/imeschile.cl\/#logo\",\"inLanguage\":\"es-CL\",\"url\":\"https:\/\/imeschile.cl\/wp-content\/uploads\/2021\/06\/LOGO-2.png\",\"contentUrl\":\"https:\/\/imeschile.cl\/wp-content\/uploads\/2021\/06\/LOGO-2.png\",\"width\":3543,\"height\":1265,\"caption\":\"Imes Chile\"},\"image\":{\"@id\":\"https:\/\/imeschile.cl\/#logo\"}},{\"@type\":\"WebSite\",\"@id\":\"https:\/\/imeschile.cl\/#website\",\"url\":\"https:\/\/imeschile.cl\/\",\"name\":\"IMES SERVICIOS INTEGRALES\",\"description\":\"Empresa de instalaci\u00f3n de hdpe, montaje industrial y motores\",\"publisher\":{\"@id\":\"https:\/\/imeschile.cl\/#organization\"},\"potentialAction\":[{\"@type\":\"SearchAction\",\"target\":{\"@type\":\"EntryPoint\",\"urlTemplate\":\"https:\/\/imeschile.cl\/?s={search_term_string}\"},\"query-input\":\"required name=search_term_string\"}],\"inLanguage\":\"es-CL\"},{\"@type\":\"WebPage\",\"@id\":\"https:\/\/imeschile.cl\/?page_id=61#webpage\",\"url\":\"https:\/\/imeschile.cl\/?page_id=61\",\"name\":\"Nosotros - IMES SERVICIOS INTEGRALES\",\"isPartOf\":{\"@id\":\"https:\/\/imeschile.cl\/#website\"},\"datePublished\":\"2020-01-23T18:21:52+00:00\",\"dateModified\":\"2021-07-07T00:50:03+00:00\",\"breadcrumb\":{\"@id\":\"https:\/\/imeschile.cl\/?page_id=61#breadcrumb\"},\"inLanguage\":\"es-CL\",\"potentialAction\":[{\"@type\":\"ReadAction\",\"target\":[\"https:\/\/imeschile.cl\/?page_id=61\"]}]},{\"@type\":\"BreadcrumbList\",\"@id\":\"https:\/\/imeschile.cl\/?page_id=61#breadcrumb\",\"itemListElement\":[{\"@type\":\"ListItem\",\"position\":1,\"name\":\"Portada\",\"item\":\"https:\/\/imeschile.cl\/\"},{\"@type\":\"ListItem\",\"position\":2,\"name\":\"Nosotros\"}]}]}<\/script>\n<!-- \/ Yoast SEO plugin. -->","yoast_head_json":{"title":"Nosotros - IMES SERVICIOS INTEGRALES","robots":{"index":"index","follow":"follow","max-snippet":"max-snippet:-1","max-image-preview":"max-image-preview:large","max-video-preview":"max-video-preview:-1"},"canonical":"https:\/\/imeschile.cl\/?page_id=61","og_locale":"es_ES","og_type":"article","og_title":"Nosotros - IMES SERVICIOS INTEGRALES","og_url":"https:\/\/imeschile.cl\/?page_id=61","og_site_name":"IMES SERVICIOS INTEGRALES","article_modified_time":"2021-07-07T00:50:03+00:00","twitter_card":"summary_large_image","twitter_misc":{"Est. reading time":"1 minuto"},"schema":{"@context":"https:\/\/schema.org","@graph":[{"@type":"Organization","@id":"https:\/\/imeschile.cl\/#organization","name":"Imes Chile","url":"https:\/\/imeschile.cl\/","sameAs":[],"logo":{"@type":"ImageObject","@id":"https:\/\/imeschile.cl\/#logo","inLanguage":"es-CL","url":"https:\/\/imeschile.cl\/wp-content\/uploads\/2021\/06\/LOGO-2.png","contentUrl":"https:\/\/imeschile.cl\/wp-content\/uploads\/2021\/06\/LOGO-2.png","width":3543,"height":1265,"caption":"Imes Chile"},"image":{"@id":"https:\/\/imeschile.cl\/#logo"}},{"@type":"WebSite","@id":"https:\/\/imeschile.cl\/#website","url":"https:\/\/imeschile.cl\/","name":"IMES SERVICIOS INTEGRALES","description":"Empresa de instalaci\u00f3n de hdpe, montaje industrial y motores","publisher":{"@id":"https:\/\/imeschile.cl\/#organization"},"potentialAction":[{"@type":"SearchAction","target":{"@type":"EntryPoint","urlTemplate":"https:\/\/imeschile.cl\/?s={search_term_string}"},"query-input":"required name=search_term_string"}],"inLanguage":"es-CL"},{"@type":"WebPage","@id":"https:\/\/imeschile.cl\/?page_id=61#webpage","url":"https:\/\/imeschile.cl\/?page_id=61","name":"Nosotros - IMES SERVICIOS INTEGRALES","isPartOf":{"@id":"https:\/\/imeschile.cl\/#website"},"datePublished":"2020-01-23T18:21:52+00:00","dateModified":"2021-07-07T00:50:03+00:00","breadcrumb":{"@id":"https:\/\/imeschile.cl\/?page_id=61#breadcrumb"},"inLanguage":"es-CL","potentialAction":[{"@type":"ReadAction","target":["https:\/\/imeschile.cl\/?page_id=61"]}]},{"@type":"BreadcrumbList","@id":"https:\/\/imeschile.cl\/?page_id=61#breadcrumb","itemListElement":[{"@type":"ListItem","position":1,"name":"Portada","item":"https:\/\/imeschile.cl\/"},{"@type":"ListItem","position":2,"name":"Nosotros"}]}]}},"_links":{"self":[{"href":"https:\/\/imeschile.cl\/index.php?rest_route=\/wp\/v2\/pages\/61","targetHints":{"allow":["GET"]}}],"collection":[{"href":"https:\/\/imeschile.cl\/index.php?rest_route=\/wp\/v2\/pages"}],"about":[{"href":"https:\/\/imeschile.cl\/index.php?rest_route=\/wp\/v2\/types\/page"}],"author":[{"embeddable":true,"href":"https:\/\/imeschile.cl\/index.php?rest_route=\/wp\/v2\/users\/1"}],"replies":[{"embeddable":true,"href":"https:\/\/imeschile.cl\/index.php?rest_route=%2Fwp%2Fv2%2Fcomments&post=61"}],"version-history":[{"count":6,"href":"https:\/\/imeschile.cl\/index.php?rest_route=\/wp\/v2\/pages\/61\/revisions"}],"predecessor-version":[{"id":710,"href":"https:\/\/imeschile.cl\/index.php?rest_route=\/wp\/v2\/pages\/61\/revisions\/710"}],"wp:attachment":[{"href":"https:\/\/imeschile.cl\/index.php?rest_route=%2Fwp%2Fv2%2Fmedia&parent=61"}],"curies":[{"name":"wp","href":"https:\/\/api.w.org\/{rel}","templated":true}]}}